








{"id":4262,"date":"2025-04-29T12:32:43","date_gmt":"2025-04-29T09:32:43","guid":{"rendered":"https:\/\/varavara.md\/regulament-privind-utilizarea-certificatelor-cadou\/"},"modified":"2025-05-16T13:22:39","modified_gmt":"2025-05-16T10:22:39","slug":"regulament-privind-utilizarea-certificatelor-cadou","status":"publish","type":"page","link":"https:\/\/varavara.md\/ro\/regulament-privind-utilizarea-certificatelor-cadou\/","title":{"rendered":"Regulament privind utilizarea certificatelor cadou"},"content":{"rendered":"<p>&nbsp;<\/p>\n<h1><strong>Regulament privind utilizarea certificatelor cadou VARA VARA<\/strong><\/h1>\n<p>&nbsp;<\/p>\n<p><strong>Dispozi\u021bii generale<\/strong><\/p>\n<ul>\n<li>Certificatul cadou VARA VARA reprezint\u0103 un card plastic cu cod de bare, echivalent cu un bilet de intrare \u00een Aquacity VARA VARA.<\/li>\n<li>Certificatele pot fi achizi\u021bionate la casele de bilete ale aquapark-ului sau oferite cadou de c\u0103tre Administra\u021bie \u00een cadrul promo\u021biilor.<\/li>\n<\/ul>\n<p>&nbsp;<\/p>\n<p><strong>Perioada de valabilitate<\/strong><\/p>\n<ul>\n<li>Certificatele sunt valabile exclusiv \u00een anul \u0219i sezonul \u00een care au fost achizi\u021bionate.<\/li>\n<li>Certificatele achizi\u021bionate \u00een anul 2025 sunt valabile doar \u00een sezonul estival 2025: din 31.05.2025 p\u00e2n\u0103 \u00een 31.08.2025.<\/li>\n<li>Certificatele emise \u00een anii 2022, 2023 \u0219i 2024 nu sunt valabile \u00een 2025.<\/li>\n<li>Certificatele din 2025 nu sunt valabile pentru proiectul de iarn\u0103 \u0219i nu pot fi utilizate \u00een 2026.<\/li>\n<\/ul>\n<p>&nbsp;<\/p>\n<p><strong>Condi\u021bii de utilizare<\/strong><\/p>\n<ul>\n<li>Certificatul este acceptat doar la casele de bilete ale Aquacity VARA VARA.<\/li>\n<li>La utilizarea certificatului nu se aplic\u0103 reduceri, promo\u021bii sau coduri promo\u021bionale.<\/li>\n<li>Certificatul ofer\u0103 dreptul la o singur\u0103 vizit\u0103, \u00een conformitate cu tariful indicat.<\/li>\n<li>La utilizarea certificatului se aplic\u0103 toate regulile de vizitare ale Aquacity, inclusiv condi\u021biile legate de v\u00e2rst\u0103, \u00een\u0103l\u021bime \u0219i programul de func\u021bionare.<\/li>\n<\/ul>\n<p>&nbsp;<\/p>\n<p><strong>Restric\u021bii<\/strong><\/p>\n<ul>\n<li>Certificatul nu poate fi returnat sau schimbat (conform art. 954\u2013956 din Codul Civil al RM).<\/li>\n<li>Certificatele deteriorate sau pierdute nu pot fi \u00eenlocuite.<\/li>\n<li>Reutilizarea sau transmiterea c\u0103tre ter\u021bi este interzis\u0103.<\/li>\n<\/ul>\n<p>&nbsp;<\/p>\n<p><strong>Personalizare \u0219i comenzi corporative<\/strong><\/p>\n<ul>\n<li>Este posibil\u0103 aplicarea logoului unei companii pe certificate, la cerere prealabil\u0103 \u0219i contra cost.<\/li>\n<li>Cantitatea \u0219i condi\u021biile de emitere a certificatelor personalizate se stabilesc individual.<\/li>\n<\/ul>\n","protected":false},"excerpt":{"rendered":"<p>&nbsp; Regulament privind utilizarea certificatelor cadou VARA VARA &nbsp; Dispozi\u021bii generale Certificatul cadou VARA VARA reprezint\u0103 un card plastic cu cod de bare, echivalent cu un bilet de intrare \u00een Aquacity VARA VARA. Certificatele pot fi achizi\u021bionate la casele de bilete ale aquapark-ului sau oferite cadou de c\u0103tre Administra\u021bie \u00een cadrul promo\u021biilor. &nbsp; Perioada de [&hellip;]<\/p>\n","protected":false},"author":1,"featured_media":0,"parent":0,"menu_order":0,"comment_status":"closed","ping_status":"closed","template":"pages\/page-cookies.php","meta":{"footnotes":""},"class_list":["post-4262","page","type-page","status-publish","hentry"],"acf":[],"_links":{"self":[{"href":"https:\/\/varavara.md\/ro\/wp-json\/wp\/v2\/pages\/4262","targetHints":{"allow":["GET"]}}],"collection":[{"href":"https:\/\/varavara.md\/ro\/wp-json\/wp\/v2\/pages"}],"about":[{"href":"https:\/\/varavara.md\/ro\/wp-json\/wp\/v2\/types\/page"}],"author":[{"embeddable":true,"href":"https:\/\/varavara.md\/ro\/wp-json\/wp\/v2\/users\/1"}],"replies":[{"embeddable":true,"href":"https:\/\/varavara.md\/ro\/wp-json\/wp\/v2\/comments?post=4262"}],"version-history":[{"count":1,"href":"https:\/\/varavara.md\/ro\/wp-json\/wp\/v2\/pages\/4262\/revisions"}],"predecessor-version":[{"id":4263,"href":"https:\/\/varavara.md\/ro\/wp-json\/wp\/v2\/pages\/4262\/revisions\/4263"}],"wp:attachment":[{"href":"https:\/\/varavara.md\/ro\/wp-json\/wp\/v2\/media?parent=4262"}],"curies":[{"name":"wp","href":"https:\/\/api.w.org\/{rel}","templated":true}]}}