








{"id":538,"date":"2024-05-09T12:43:16","date_gmt":"2024-05-09T09:43:16","guid":{"rendered":"https:\/\/varavara.md\/termenii-si-conditiile\/"},"modified":"2024-06-27T11:28:35","modified_gmt":"2024-06-27T08:28:35","slug":"termenii-si-conditiile","status":"publish","type":"page","link":"https:\/\/varavara.md\/ro\/termenii-si-conditiile\/","title":{"rendered":"Termenii si Condi\u021biile"},"content":{"rendered":"<h2>Introducere<\/h2>\n<p>Prezen\u021bii Termeni \u0219i condi\u021bii de utilizare a paginii web (\u00cen continuare \u201dCondi\u021biile\u201d) sunt aplicabili comenzilor pentru achizi\u021bionarea produselor \u0219i serviciilor oferite de VARAVARA CLUB SRL prin intermediul sitului www.varavara.rocketseo.dev (\u00cen continuare numit \u201dSite\u201d).<\/p>\n<p>Folosirea acestui Site implica acceptarea Condi\u021biilor propuse de c\u0103tre VARAVARA CLUB SRL, cu sediul \u00een mun. Chi\u0219in\u0103u, bd. Grigore Vieru nr. 22\/8, ap. 10, codul fiscal 1022600013542, Email: info@varavara.md, tel.+37379889966 (\u00cen continuare \u201dVaraVara\u201d).<\/p>\n<p>VaraVara \u00ee\u0219i asum\u0103 dreptul de a modifica prevederile prezentelor Condi\u021bii, iar cea mai recent\u0103 versiune poate fi g\u0103sit\u0103 pe Site.<\/p>\n<h2>Date cu caracter personal<\/h2>\n<p>Prin utilizarea \u00een continuare a Site-ului, declara\u021bi faptul c\u0103 ave\u021bi cel pu\u021bin 18 ani, a\u021bi citit si a\u021bi \u00een\u021beles in totalitate Condi\u021biile, politica cookies \u0219i consim\u021bi\u021bi la prelucrarea \u0219i utilizarea datelor voastre cu caracter personal, in conditiile indicate mai jos.<\/p>\n<p>\u00cen cazul \u00een care aveti o v\u00eersta sub 18 ani, pute\u021bi utiliza Site-ul numai cu acordul unul dintre p\u0103rin\u021bi sau reprezentantului legal. P\u0103rintele sau reprezentantul legal este obligat s\u0103 citeasc\u0103 Condi\u021biile, politica cookies \u0219i s\u0103 dea acord la prelucrarea datelor personale \u00een condi\u021biile enun\u021bate. Persoanele men\u021bionate sunt responsabile pentru protec\u021bia datelor personale a minorului.<\/p>\n<p>Datele Dumneavoastr\u0103 personale vor putea fi stocate \u0219i utilizate de c\u0103tre VaraVara pentru procesarea\/confirmarea\/executarea comenzilor, informarea Dvs prin email, mesaje scrise (SMS, mesagerie, etc.), po\u0219t\u0103 sau alte mijloace de comunicare despre ac\u021biunile ulterioare, realizarea de rapoarte statistice \u0219i \u00eembun\u0103t\u0103\u021birea serviciilor.<\/p>\n<p>Datele furnizate de c\u0103tre clien\u021bi sunt confiden\u021biale, \u00een condi\u021biile legii. Datele personale vor putea fi transmise autorit\u0103\u021bilor de drept, doar \u00een baza autoriza\u021biilor emise \u00een condi\u021biile legii sau atunci c\u00eend VaraVara consider\u0103 necesar pentru a preveni sau investiga \u00eenc\u0103lcarea drepturilor VaraVara sau a unor ter\u021bi, conform procedurilor legale.<\/p>\n<p>Va inform\u0103m c\u0103 dispune\u021bi de drepturile prev\u0103zute de art. 12-16 din Legea nr. 133 din 08.07.2011 privind protec\u021bia datelor cu caracter personal, respectiv dreptul la informare, dreptul de acces la date, dreptul de interven\u021bie asupra datelor \u0219i dreptul de opozi\u021bie, pe care le pute\u021bi exercita printr-o cerere scris\u0103 adresat\u0103 c\u0103tre VaraVara.<\/p>\n<p>\u00cen cazul pl\u0103\u021bilor efectuate cu cardul, informa\u021biile privind datele cardului bancar (numar de card, data expir\u0103rii, cvc, etc.) nu vor fi transferate sau stocate pe serverele VaraVara.<\/p>\n<p>Orice \u00eencercare de a accesa datele personale ale unui utilizator sau de a modifica con\u021binutul Site-ului sau de a afecta performan\u021bele serverului pe care ruleaz\u0103 Site-ul, va fi considerat\u0103 o tentativ\u0103 de fraudare a Site-ului \u0219i va declan\u0219a cercetarea penal\u0103 \u00eempotriva aceluia sau acelora care a(u) \u00eencercat acest fapt.<\/p>\n<h2>Colectarea datelor personale<\/h2>\n<p>Datele pe care le colectam pot include urmatoarele:<\/p>\n<ul>\n<li>Numele si datele de contact (numele si prenumele dvs., adresa de e-mail, adresa domiciliului\/re\u0219edin\u021bei \u00een cazul livr\u0103rii biletelor, numarul de telefon mobil, dup\u0103 caz, alte date necesare \u00eendeplinirii scopului men\u021bionat, conform legisla\u021biei \u00een vigoare).<\/li>\n<li>Date despre dispozitivul dvs. si despre modul in care dvs. si dispozitivul interactionati cu produsele noastre ce s\u00eent ob\u021binute prin intermediul Cookies. (vezi Politica Cookies)<\/li>\n<li>Colectam date despre caracteristicile pe care le folositi, produsele pe care le achizitionati si paginile web pe care le vizitati.<\/li>\n<li>Date despre dispozitivul si reteaua pe care le utilizati pentru a va conecta la produsele noastre. Acestea includ date despre sistemele de operare si aplicatiile software instalate pe dispozitivul dvs., inclusiv cheile de produs. De asemenea, includ adresa IP, setarile de limba si setarile regionale.<\/li>\n<\/ul>\n<h2>Scopul colectarii datelor personale<\/h2>\n<ul>\n<li>Informarea clientilor privind validarea si expedierea comenzilor, rezolvarea anularilor sau a problemelor de orice natura referitoare la o comanda, la produsele si\/sau serviciile achizitionate<\/li>\n<li>Trimiterea de newsletter si\/sau alerte periodice, prin folosirea postei electronice (e-mail), numai in cazul in care persoana vizata (cumparatorul) si-a exprimat in mod explicit acordul. Aceste pot include oferte promo\u021bionale, alerte privind \u00eencepere sau anulare a evenimentului, schimbare a datei, orei, locului evenimentului, etc.<\/li>\n<li>Cercetare de pia\u021ba, urmarire si monitorizare a vanzarilor si comportamentului clientului\/cumparatorului.<\/li>\n<li>De asemenea, VaraVara poate furniza datele cu caracter personal ale cumparatorului altor companii partenere, dar numai in temeiul unui angajament de confidentialitate din partea acestora si numai in scopurile mentionate anterior, prin care garanteaz\u0103 ca aceste date sunt pastrate in siguranta si ca furnizarea acestor informatii personale se face conform legislatiei in vigoare, dupa cum urmeaza: furnizorilor de servicii de plata\/bancare furnizorilor de servicii de curierat, furnizorilor de servicii de marketing sau alte servicii furnizate de companii cu care putem dezvolta programe comune de ofertare pe pia\u021b\u0103 bunurilor si serviciilor noastre.<\/li>\n<\/ul>\n<h2>Drepturi de Autor<\/h2>\n<p>\u00centregul con\u021binut al Site-ului \u2013 imagini, texte, grafice, simboluri, elemente de grafic\u0103 web, scripturi, programe \u0219i alte date \u2013 este proprietatea VaraVara \u0219i\/sau a furnizorilor s\u0103i \u0219i este protejat. Folosirea f\u0103r\u0103 acordul VaraVara a oric\u0103ror elemente enumerate mai sus se pedepseste conform legisla\u021biei \u00een vigoare.<\/p>\n<h2>Accesul la Site<\/h2>\n<p>VaraVara garanteaz\u0103 utilizatorilor acces limitat, \u00een interes personal, pe acest Site \u0219i nu \u00eei confer\u0103 dreptul de a desc\u0103rca sau de a modifica par\u021bial sau integral Site-ul, de a-l reproduce, de a copia, de a vinde\/revinde sau de a exploata Site-ul \u00een orice alt\u0103 manier\u0103, \u00een scopuri comerciale sau contrare intereselor companiei VaraVara f\u0103r\u0103 acordul prealabil \u00een scris al acesteia.<\/p>\n<p>VaraVara \u00ee\u0219i rezerv\u0103 dreptul de a refuza accesul unor utilizatori la Site, c\u00eet \u0219i de a restric\u021biona procesarea sau livrarea unei comenzi \u00een cazul \u00een care exist\u0103 suspiciuni de fraud\u0103 din partea utilizatorilor sau dac\u0103 ace\u0219tia aduc prejudicii intereselor VaraVara.<\/p>\n<h2>Descrierea serviciilor si produselor oferite<\/h2>\n<p>Serviciile si produsele VaraVara sunt oferite \u00een condi\u021biile \u0219i termenii descrisi si vor fi furnizate conform preturilor afisate pe Site.<\/p>\n<p>Pe Site puteti procura biletele pentru accesarea teritoriului Aquaparkului amplasat \u00een mun. Chisi\u0219\u0103u, str. M. Sadoveanu nr. 42\/2 si utilizarea serviciilor prestate in cadrul acestuia, precum si alte produse\/servicii afisate pe Site.<\/p>\n<p>Serviciile si produsele sunt oferite dup\u0103 cum sunt prezentate pe Site \u0219i \u00een limita stocului disponibil. VaraVara nu poate garanta disponibilitatea in stoc a tuturor produselor prezentate. VaraVara va informa consumatorul despre indisponibilitatea produselor, iar sumele pe care consumatorul le-a pl\u0103tit vor fi rambursate \u00een cel mai scurt timp, dar nu mai t\u00eerziu de 30 de zile, \u00een cazul \u00een care comanda nu poate fi onorat\u0103.<\/p>\n<p>Cu acordul consumatorului, VaraVara poate livra un produs sau serviciu similar de o calitate \u0219i un pre\u021b echivalent cu cele solicitate ini\u021bial, \u00een cazul indisponibilit\u0103\u021bii produsului sau serviciului comandat.<\/p>\n<p>Imaginile produselor si serviciilor sunt prezentate pe Site cu titlu de exemplu, iar produsele livrate pot diferi de imagini \u00een orice mod (culoare, accesorii, aspect, etc.). VaraVara \u00ee\u0219i rezerv\u0103 dreptul s\u0103 modifice descrierea si specifica\u021biile serviciilor si produselor afisate pe Site, f\u0103r\u0103 o notificare prealabil\u0103.<\/p>\n<p>Valoarea maxim\u0103 a obliga\u021biilor\/r\u0103spunderii VaraVara fa\u021b\u0103 de orice client \u00een cazul nelivr\u0103rii\/neprest\u0103rii, sau a livr\u0103rii\/prest\u0103rii necorespunz\u0103toare este valoarea sumelor incasate de VaraVara de la acest client.<\/p>\n<h2>Preturi<\/h2>\n<p>Preturile la produsele si serviciile furnizate sunt afisate pe Site la rubricile respective si includ TVA \u0219i costurile aferente livr\u0103rii, fiind pre\u021burile \u00een vigoare la momentul valid\u0103rii comenzii.<br \/>\nCon\u021binutul \u0219i pre\u021bul ofertelor pot fi supuse unor modific\u0103ri de c\u0103tre VaraVara. Termenul de valabilitate al pre\u021burilor \u0219i ofertei este cel men\u021bionat pe Site.<\/p>\n<h2>Comanda<\/h2>\n<p>Procurarea produselor si serviciilor afisate pe Site implic\u0103 acceptarea de c\u0103tre Dvs a prezentelor condi\u021bii \u0219i a condi\u021biilor specifice ofertelor. \u00cenainte de plasarea\/validarea comenzii este necesar\u0103 identificarea Dvs utiliz\u00e2nd rubricile specificate pe Site.<\/p>\n<p>VaraVara \u00ee\u0219i rezerv\u0103 dreptul de a solicita documente suplimentare necesare proces\u0103rii \u0219i valid\u0103rii comenzii Dumneavoastr\u0103.<\/p>\n<p>Produsele si serviciile cump\u0103rate prin intermediul acestui Site nu pot fi rev\u00eendute sau distribuite \u00een scopuri comerciale. VaraVara \u00ee\u0219i rezerv\u0103 dreptul s\u0103 limiteze num\u0103rul maxim de produse si servicii achizi\u021bionate de o persoana prin intermediul Site-ului.<\/p>\n<p>In cazul \u00een care serviciul si\/sau produsul nu poate fi valorificat la data indicat\u0103 din cauza unor circumstan\u021be ce nu depind de voin\u021ba VaraVara, acestea pot fi utilizate la noile d\u0103\u021bi disponibile, agreate \u00een prealabil.<\/p>\n<h2>Livrare<\/h2>\n<p>\u00cen cazul procur\u0103rii serviciilor si produselor de pe Site, VaraVara va emite \u00een form\u0103 electronica biletul\/chitan\u021ba confirmativ\u0103, care vor fi expediate pe adres\u0103 po\u0219tei electronice sau aplica\u021bii de mesagerie (\u00een cazul existen\u021bei posibilit\u0103\u021bii tehnice) indicate la \u00eentocmirea comenzii.<\/p>\n<p>Biletul\/chitan\u021ba confirmativ\u0103 va con\u021bine toate datele aferente comenzii achitate, termen de valabilitate si orice alte date relevante pentru comanda respectiv\u0103. Acestea pot fi prezentate controlorilor pe teritoriul Aquaparkului \u00een form\u0103 electronic\u0103, imprimate pe h\u00e2rtie sau schimbate pe bilete clasice la casieriile VaraVara.<\/p>\n<p>Este responsabilitatea dvs. exclusiv\u0103 de a v\u0103 p\u0103stra biletele\/chitantele confirmative \u0219i datele de autentificare de pe site private \u0219i \u00een siguran\u021b\u0103. Niciodat\u0103 nu le l\u0103sa\u021bi \u00een locuri vizibile \u0219i nu transmite\u021bi loginul \u0219i parola de la site sau de la email persoanelor ter\u021be.<\/p>\n<p>Trebuie s\u0103 ave\u021bi biletul\/chitan\u021ba confirmativ\u0103 cu Dvs. \u00een permanen\u021b\u0103 \u00een timpul vizitei la Aquapark, \u00een scopul controlului \u0219i pentru a putea primi accesul pe teritoriul Aquaparkului dac\u0103 ie\u0219i\u021bi \u00een timpul vizitei.<\/p>\n<h2>Efectuarea pl\u0103\u021bilor<\/h2>\n<p>Plata pentru comenzile plasate poate fi efectuat\u0103 \u00een numerar la caseria VaraVara \u00eenainte de a accesa teritoriul Aquaparkului, sau online cu carduri bancare Visa sau MasterCard (inclusiv Visa Electron si Maestro), emise de c\u0103tre b\u0103ncile din Moldova, precum \u0219i de c\u0103tre B\u0103ncile str\u0103ine (cu protec\u021bia 3D Secure).<\/p>\n<p>\u00cen cazul \u00een care alege\u021bi s\u0103 face\u021bi plata online, prin intermediul cardului de credit\/debit, ve\u021bi fi redirec\u021bionat c\u0103tre o sec\u021biune web securizat\u0103 de pe serverul b\u0103ncii care deserve\u0219te sistemul de plat\u0103 online, fiind necesar s\u0103 completa\u021bi un formular corespunz\u0103tor cu informa\u021bii privind cardul bancar\/tranzac\u021bie solicitate de banca respectiv\u0103. Pentru a efectua plata, pl\u0103titorul va furniza datele propriului s\u0103u card bancar, cum ar fi num\u0103rul cardului bancar, perioada de valabilitate \u0219i codul secret ce permite efectuarea pl\u0103\u021bilor online. Transferul acestor date se va efectua cu respectarea m\u0103surilor de siguran\u021ba disponibile \u00een cadrul B\u0103ncii ce a emis cardul bancar respectiv.<\/p>\n<p>Datele vor fi transferate c\u0103tre serverul autorizat al B\u0103ncii prin intermediul unui canal securizat (protocol SSL). Informa\u021bia se transmite \u00een forma criptat\u0103 \u0219i se p\u0103streaz\u0103 doar pe serverul specializat al sistemului de plata al B\u0103ncii emitente a cardului bancar al pl\u0103titorului \u0219i al b\u0103ncii care deserve\u0219te sistemul de plata online.<\/p>\n<p>Pentru procesarea comenzii plasate online se ofer\u0103 perioada de cel mult 30 de min pentru achitarea acesteia, \u00een caz contrar comanda se anuleaz\u0103 si nu trece la etapa proces\u0103rii.<br \/>\nToate achit\u0103rile se efectueaz\u0103 \u00een moneda na\u021bional\u0103 \u2013 lei moldovene\u0219ti (MDL). \u00cen cazul \u00een care valuta opera\u021biunii difer\u0103 de valuta achit\u0103rilor, convertirea sumei opera\u021biunii se efectueaz\u0103 conform cursului la opera\u021biunile cu carduri din ziua decont\u0103rii, ale b\u0103ncii care deserve\u0219te sistemul de pl\u0103\u021bi online.<\/p>\n<p>VaraVara \u0219i\/sau banca care deserveste sistemul de pl\u0103\u021bi online \u00ee\u0219i rezerv\u0103 dreptul de a stabili unilateral \u0219i f\u0103r\u0103 preaviz, ni\u0219te limit\u0103ri asupra posibilit\u0103\u021bilor pl\u0103titorilor de a transfera mijloacele b\u0103ne\u0219ti \u00een contul VaraVara prin intermediul cardului bancar, inclusiv, dar f\u0103r\u0103 a se limita la: limit\u0103ri privind \u021bara emitentului de card bancar sau clasei cardului bancar, \u021bara de unde originat\u0103 tranzac\u021bia, num\u0103rul de transferuri \u00eentr-o perioada de timp sau limit\u0103ri privind transferurile ini\u021biate de pe o adresa internet.<\/p>\n<p>Plata online nu poate fi efectuata \u00een cazul \u00een care platitorul are o interdictie asupra efectuarii platilor.<br \/>\nPlatitorul poarta raspunderea pentru corectitudinea datelor introduse necesare efectuarii platii.<\/p>\n<p>Intrucit VaraVara nu efectueaza transferuri de mijloace banesti \u0219i nu presteaza servicii bancare sau de plata, toata raspunderea privind corectitudinea efectuarii transferului o poarta exlusiv banca si platitorul, iar toate pretentiile referitoare la mijloacele banesti transferate in cadrul platii online se solutioneaza nemijlocit intre banca emitenta si platitor.<\/p>\n<p>VaraVara isi rezerva dreptul s\u0103 anuleze orice comanda plasata \u00een cazul \u00een care consider\u0103 c\u0103 aceasta este plasata in scopuri frauduloase sau este falsa.<br \/>\nLa transferul mijloacelor banesti pentru procurarea serviciilor si produselor VaraVara prin intermediul platii online, nu se precepe comision.<br \/>\nDaca tranzac\u021ba prin card este reusit\u0103, comanda Dvs va fi procesat\u0103 de c\u0103tre VaraVara.<\/p>\n<h2>Revocarea<\/h2>\n<p>Revocarea comenzii plasate poate fi efectuat\u0103 doar dac\u0103 serviciul\/produsul procurat nu a fost utilizat\/consumat \u0219i nu mai t\u00eerziu dec\u00eet cu 24 de ore \u00eenainte de data preconizat\u0103 a prest\u0103rii serviciului\/livrarii produsului.<\/p>\n<p>In cazul \u00een care utilizatorul doreste s\u0103 anuleze comanda, urmeaz\u0103 s\u0103 se adreseze cu o cerere scris\u0103 c\u0103tre VaraVara cu solicitare respectiv\u0103. Daca comanda con\u021bine mai multe produse si\/sau servicii, anularea comenzii este posibil\u0103 doar \u00een \u00eentregime. Returnarea banilor pentru comanda anulat\u0103 are loc doar pe cardul bancar de pe care a fost efectuat\u0103 achitarea. Returnarea va fi \u00eentocmit\u0103 \u00een termen de 15 zile calendaristice, \u00eens\u0103 termenul \u00een care ve\u021bi primi banii depinde de politica sistemului de plat\u0103 utilizat (Visa \/ Mastercard). Contacta\u021bi-v\u0103 banca pentru mai multe detalii.<\/p>\n<h2>Legea aplicabil\u0103 si litigii<\/h2>\n<p>Toate clauzele din prezentele condi\u021bii sunt reglementate de legisla\u021bia RM<br \/>\nOrice litigiu ap\u0103rut \u00een leg\u0103tur\u0103 cu utilizarea acestui Site va fi solu\u021bionat pe cale amiabil\u0103. \u00cen cazul \u00een care nu s-a reu\u0219it stingerea conflictului pe cale amiabil\u0103, diferendul va fi rezolvat de instn\u021ba de judecat\u0103 competent\u0103.<\/p>\n","protected":false},"excerpt":{"rendered":"<p>Introducere Prezen\u021bii Termeni \u0219i condi\u021bii de utilizare a paginii web (\u00cen continuare \u201dCondi\u021biile\u201d) sunt aplicabili comenzilor pentru achizi\u021bionarea produselor \u0219i serviciilor oferite de VARAVARA CLUB SRL prin intermediul sitului www.varavara.rocketseo.dev (\u00cen continuare numit \u201dSite\u201d). Folosirea acestui Site implica acceptarea Condi\u021biilor propuse de c\u0103tre VARAVARA CLUB SRL, cu sediul \u00een mun. Chi\u0219in\u0103u, bd. Grigore Vieru nr. [&hellip;]<\/p>\n","protected":false},"author":1,"featured_media":0,"parent":0,"menu_order":0,"comment_status":"closed","ping_status":"closed","template":"pages\/page-cookies.php","meta":{"footnotes":""},"class_list":["post-538","page","type-page","status-publish","hentry"],"acf":[],"_links":{"self":[{"href":"https:\/\/varavara.md\/ro\/wp-json\/wp\/v2\/pages\/538","targetHints":{"allow":["GET"]}}],"collection":[{"href":"https:\/\/varavara.md\/ro\/wp-json\/wp\/v2\/pages"}],"about":[{"href":"https:\/\/varavara.md\/ro\/wp-json\/wp\/v2\/types\/page"}],"author":[{"embeddable":true,"href":"https:\/\/varavara.md\/ro\/wp-json\/wp\/v2\/users\/1"}],"replies":[{"embeddable":true,"href":"https:\/\/varavara.md\/ro\/wp-json\/wp\/v2\/comments?post=538"}],"version-history":[{"count":1,"href":"https:\/\/varavara.md\/ro\/wp-json\/wp\/v2\/pages\/538\/revisions"}],"predecessor-version":[{"id":881,"href":"https:\/\/varavara.md\/ro\/wp-json\/wp\/v2\/pages\/538\/revisions\/881"}],"wp:attachment":[{"href":"https:\/\/varavara.md\/ro\/wp-json\/wp\/v2\/media?parent=538"}],"curies":[{"name":"wp","href":"https:\/\/api.w.org\/{rel}","templated":true}]}}