








{"id":542,"date":"2024-04-24T13:40:32","date_gmt":"2024-04-24T10:40:32","guid":{"rendered":"https:\/\/varavara.md\/politica-cookies\/"},"modified":"2024-06-27T11:29:06","modified_gmt":"2024-06-27T08:29:06","slug":"politica-cookies","status":"publish","type":"page","link":"https:\/\/varavara.md\/ro\/politica-cookies\/","title":{"rendered":"Politica Cookies"},"content":{"rendered":"<h2>POLITICA COOKIES<\/h2>\n<p>Aceast\u0103 Politic\u0103 privind modulele cookie (,,Politica cookie\u201d) descrie diferitele tipuri de cookie-uri care sunt utilizate \u00een leg\u0103tur\u0103 cu site-ul de\u021binut \u0219i controlat de ,,VaraVara Plus\u201d SRL, cu sediul \u00een mun. Chi\u0219in\u0103u, bd. Grigore Vieru nr. 22\/8, ap. 10, codul fiscal 1022600013520.<\/p>\n<h2>CE SUNT COOKIE-URILE?<\/h2>\n<p>Un ,,Internet Cookie\u201d \u2013 termen cunoscut \u0219i sub denumirea de ,,browser cookie\u201d,\u00a0 ,,HTTP cookie\u201d sau ,,cookie\u201d \u2013 reprezint\u0103 un fi\u0219ier de mici dimensiuni, format din litere \u0219i numere, care va fi stocat pe computerul, terminalul mobil sau pe alte echipamente ale unui utilizator prin intermediul c\u0103rora se acceseaz\u0103 internetul.<\/p>\n<p>Cookie-urile sunt instalate prin solicitarea emis\u0103 de un web-server c\u0103tre un browser. Cookie-urile odat\u0103 instalate au o durat\u0103 de existen\u021b\u0103 determinat\u0103, r\u0103m\u00e2n\u00e2nd pasive, \u00een sensul c\u0103 nu con\u021bin programe software, viru\u0219i sau spyware \u0219i nu vor accesa informa\u021biile de pe hard drive-ul utilizatorului pe al c\u0103rui echipament au fost instalate.<\/p>\n<p>Un cookie este format din dou\u0103 p\u0103r\u021bi: numele \u0219i con\u021binutul sau valoarea cookie-ului.<\/p>\n<p>Cookie-urile NU sunt viru\u0219i! Ele folosesc formate tip plain text. Nu sunt alc\u0103tuite din buc\u0103\u021bi de cod a\u0219a c\u0103 nu pot fi executate nici nu pot auto-rula. \u00cen consecin\u021b\u0103, nu se pot duplica sau replica pe alte re\u021bele pentru a se rula sau replica din nou. Deoarece nu pot \u00eendeplini aceste func\u021bii, nu pot fi considerate viru\u0219i.<\/p>\n<h2>CUM \u0218I DE CE FOLOSIM COOKIE-URI?<\/h2>\n<p>Folosim cookies pentru a \u00eembun\u0103t\u0103\u021bi utilizarea \u0219i func\u021bionalitatea site-ului \u0219i pentru a \u00een\u021belege mai bine modul \u00een care vizitatorii utilizeaz\u0103 site-ul, precum \u0219i serviciile oferite de c\u0103tre acesta.<\/p>\n<p>Stocarea de cookies pe dispozitivul dumneavoastr\u0103 ne ofer\u0103 o modalitate u\u0219oar\u0103 \u0219i convenabil\u0103 pentru a personaliza sau \u00eembun\u0103t\u0103\u021bi experien\u021ba dumneavoastr\u0103\u00a0 pe site-ul nostru \u0219i pentru a face urm\u0103toarea vizit\u0103 mai pl\u0103cut\u0103.<\/p>\n<p>Nu folosim cookies pentru a colecta informa\u021bii personale, cu toate acestea, putem face leg\u0103tura \u00eentre informa\u021biile con\u021binute \u00eentr-un cookie \u0219i informa\u021biile dumneavoastr\u0103 cu caracter personal colectate prin alte mijloace (de exemplu, formularele de \u00eenregistrare).<\/p>\n<h2>CUM ADMINISTREZ MODULELE COOKIE?<\/h2>\n<p>Refuzul de a utiliza modulele cookie<\/p>\n<p>Ave\u021bi op\u021biunea de a accepta utilizarea modulelor cookie care v\u0103 vor permite s\u0103 utiliza\u021bi toate func\u021biile site-ului f\u0103r\u0103 restric\u021bii atunci c\u00e2nd vizita\u021bi site-ul nostru. Dac\u0103 respinge\u021bi utilizarea modulelor cookie strict necesare, acest lucru poate afecta experien\u021ba utilizatorului \u0219i func\u021bionalitatea \u00een timpul utiliz\u0103rii site-ului.<\/p>\n<p>Respingerea altor module cookie poate s\u0103 nu afecteze experien\u021ba utilizatorului \u0219i func\u021bionalitatea \u00een timpul utiliz\u0103rii site-ului. Dac\u0103 respinge\u021bi utilizarea tuturor modulelor cookie, modulele cookie primare \u0219i modulele cookie ter\u021be vor fi dezactivate. \u00cen plus, modulele cookie primare vor fi \u0219terse. Nu vom putea \u0219terge modulele cookie ter\u021be. Prin urmare, va fi necesar s\u0103 \u0219terge\u021bi personal modulele cookie ter\u021be. Aceste lucruri se pot face din set\u0103rile browser-ului Dvs.<\/p>\n<p>Dezactivarea \u0219i\/sau \u0219tergerea modulelor cookie prin browser-ul Dvs<\/p>\n<p>Pute\u021bi schimba set\u0103rile modulelor cookie prin intermediul browser-ului Dvs. de internet. Browser-ul Dvs. de internet v\u0103 permite s\u0103 modifica\u021bi set\u0103rile modulelor cookie. Astfel de set\u0103ri ale browser-ului pentru modulele cookie sunt de obicei g\u0103site \u00een meniul ,,op\u021biuni\u201d, ,,instrumente\u201d sau ,,preferin\u021be\u201d al browser-ului Dvs. de internet. De asemenea, pute\u021bi consulta meniul ,,Ajutor\u201d al browser-ului. Browsere diferite pot utiliza mecanisme diferite pentru a dezactiva modulele cookie:<\/p>\n<ul>\n<li>Cookie settings \u00een Internet Explorer\u00a0 \u00a0https:\/\/support.microsoft.com\/ro-ro\/help\/17442\/windows-internet-explorer-delete-manage-cookies<\/li>\n<li>Cookie settings \u00een Microsoft Edge https:\/\/answers.microsoft.com\/enus\/windows\/forum\/apps_windows _10-msedge\/edge-how-do-i-enable-cookies\/275b58e3-d741-4b21-8042-3059b1902d0e?auth=1<\/li>\n<li>Cookie settings \u00een Firefox\u00a0 https:\/\/support.mozilla.org\/ro\/kb\/activarea-si-dezactivarea-cookie-urilor<\/li>\n<li>Cookie settings \u00een Chrome pentru Desktop\u00a0 \u00a0https:\/\/support.google.com\/chrome\/answer\/ 95647?co=GENIE.Platform=Desktop&amp;hl=ro<\/li>\n<li>Cookie settings \u00een Chrome pentru Android\u00a0 https:\/\/support.google.com\/chrome\/answer\/95647? co=GENIE.Platform=Android&amp;hl=ro<\/li>\n<li>Cookie settings \u00een Safari https:\/\/support.apple.com\/ru-ru\/guide\/safari\/sfri11471\/mac<\/li>\n<\/ul>\n<p>\u00cen ceea ce prive\u0219te set\u0103rile browser-ului pentru \u0219tergerea modulelor cookie anterioare, se aplic\u0103 acelea\u0219i principii ca \u00een cazul dezactiv\u0103rii modulelor cookie noi prin set\u0103rile browser-ului. V\u0103 rug\u0103m urma\u021bi instruc\u021biunile corespunz\u0103toare ale browser-ului Dvs., a\u0219a cum sunt detaliate mai sus.<\/p>\n<p>Exist\u0103 instrumente online disponibile pentru a \u0219terge toate modulele cookie r\u0103mase \u00een urma site-urilor pe care le-a\u021bi vizitat, cum ar fi www.allaboutcookies.org.<\/p>\n<h2>CE FEL DE MODULE COOKIE UTILIZ\u0102M?<\/h2>\n<p>Modulele cookie strict necesare garanteaz\u0103 func\u021bii f\u0103r\u0103 de care nu ve\u021bi putea s\u0103 utiliza\u021bi acest site \u0219i v\u0103 asigur\u0103, printre altele, c\u0103 atunci c\u00e2nd accesa\u021bi func\u021bionalit\u0103\u021bile unui site, vi se va afi\u0219a o versiune care are o conexiune de band\u0103 larg\u0103 a cantit\u0103\u021bii de date corespunz\u0103toare celei a conexiunii la internet pe care o utiliza\u021bi. \u00cen plus, un astfel de modul cookie are grij\u0103 ca, \u00een cazul \u00een care schimba\u021bi paginile, se realizeaz\u0103 func\u021bia de schimbare de la http la https. \u00cen plus, modulele cookie de acest tip v\u0103 stocheaz\u0103 decizia privind utilizarea modulelor cookie pe site-ul nostru.<\/p>\n<p>Modulele Cookie strict necesare pe care le folosim sunt:<\/p>\n<ul>\n<li>modulele cookie care sunt utilizate exclusiv pentru transmiterea comunic\u0103rii prin internet;<\/li>\n<li>modulele cookie care sunt strict necesare pentru ca noi s\u0103 v\u0103 oferim serviciul pe care l-a\u021bi solicitat \u00een mod explicit (adic\u0103 dac\u0103 aceste module cookie sunt dezactivate, nu v\u0103 vom putea oferi serviciul pe care l-a\u021bi solicitat \u00een mod expres).<\/li>\n<\/ul>\n<p>Utilizarea modulelor cookie strict necesare pentru scopurile descrise mai sus se bazeaz\u0103 pe interesele noastre legitime pentru a asigura func\u021bionarea, accesarea \u0219i utilizarea tehnic\u0103 adecvat\u0103 a site-ului \u0219i pentru a v\u0103 furniza serviciile pe care le-a\u021bi solicitat \u00een mod explicit.<\/p>\n<p>Module cookie de statistic\u0103: aceste module cookie sunt folosite pentru a ne furniza informa\u021bii statistice despre performan\u021ba site-ului nostru (de exemplu, pentru a num\u0103ra vizitele, sursele de trafic).<\/p>\n<p>Modulele cookie marketing: aceste module cookie permit site-ului s\u0103 memoreze alegerile pe care le face\u021bi \u0219i s\u0103 v\u0103 ofere func\u021bii \u00eembun\u0103t\u0103\u021bite \u0219i mai personale. Aceast\u0103 categorie poate include module cookie ter\u021be.<\/p>\n<p>Cookies con\u0163in informa\u021bia trimis\u0103 de c\u0103tre serverul nostru browser-ului dumneavoastr\u0103. Aceast\u0103 informa\u0163ie este trimis\u0103 serverului de c\u0103tre browser de fiecare dat\u0103 c\u00e2nd dumneavoastr\u0103 accesa\u0163i site-ul nostru. Cookies permit serverului s\u0103 v\u0103 recunoasc\u0103 browser-ul.<\/p>\n<p>Noi folosim dou\u0103 tipuri de cookies: \u201ede sesiune\u201d \u015fi \u201epermanente\u201d. Cookies de sesiune se folosesc pentru urm\u0103rirea ac\u021biunilor dumneavoastr\u0103 pe site. Cookies permanente se folosesc pentru identificarea dumneavoastr\u0103 atunci c\u00e2nd intra\u0163i pe site.<\/p>\n<p>Cookies de sesiune vor fi \u015fterse de pe dispozitivul dumneavoastr\u0103 \u00een momentul \u00eenchiderii browser-ului. Cookies permanente vor r\u0103m\u00e2ne pe dispozitivul dumneavoastr\u0103 p\u00e2n\u0103 la momentul expir\u0103rii lor, sau p\u00e2n\u0103 vor fi \u015fterse manual.<\/p>\n<p>Majoritatea browser-ilor permit respingerea cookies. Dac\u0103 dori\u0163i s\u0103 schimba\u0163i set\u0103rile cookies a browser-ului dumneavoastr\u0103, o pute\u0163i face pe pagina op\u0163iunilor. Dar, blocarea cookies va avea un efect negativ asupra experien\u0163ei dumneavoastr\u0103 pe multe site-uri, inclusiv pe site-ul nostru.<\/p>\n<h2>DE CE SUNT MODULELE COOKIE IMPORTANTE PENTRU INTERNET?<\/h2>\n<p>Modulele cookie reprezint\u0103 punctul central al func\u021bion\u0103rii eficiente a Internetului, ajut\u00e2nd la generarea unei experien\u021be de navigare prietenoase \u0219i adaptat\u0103 preferin\u021belor \u0219i intereselor fiec\u0103rui utilizator. Refuzarea sau dezactivarea modulelor cookie poate face unele site-uri imposibil de folosit.<\/p>\n<p>Refuzarea sau dezactivarea modulelor cookie nu \u00eenseamn\u0103 c\u0103 nu ve\u021bi mai primi publicitate online \u2013 ci doar c\u0103 aceasta nu va mai putea \u021bine cont de preferin\u021bele \u0219i interesele Dvs, eviden\u021biate prin comportamentul de navigare.<\/p>\n<p>Exemple de \u00eentrebuin\u021b\u0103ri importante ale modulelor cookie (care nu necesit\u0103 autentificarea unui utilizator prin intermediul unui cont):<\/p>\n<ul>\n<li>Con\u021binut \u0219i servicii adaptate preferin\u021belor utilizatorului \u2013 categorii de produse \u0219i servicii.<\/li>\n<li>Oferte adaptate pe interesele utilizatorilor \u2013 re\u021binerea parolelor.<\/li>\n<li>Re\u021binerea filtrelor de protec\u021bie a copiilor privind con\u021binutul pe Internet (op\u021biuni family mode, func\u021bii de safe search).<\/li>\n<li>\u00a0Limitarea frecven\u021bei de difuzare a reclamelor \u2013 limitarea num\u0103rului de afi\u0219\u0103ri a unei reclame pentru un anumit utilizator pe un site.<\/li>\n<li>Furnizarea de publicitate mai relevant\u0103 pentru utilizator.<\/li>\n<li>\u00a0M\u0103surarea, optimizarea \u0219i caracteristicile de analytics \u2013 cum ar fi confirmarea unui anumit nivel de trafic pe un website, ce tip de con\u021binut este vizualizat \u0219i modul cum un utilizator ajunge pe un website (ex. prin motoare de c\u0103utare, direct, din alte website-uri etc). Website-urile deruleaz\u0103 aceste analize a utiliz\u0103rii lor pentru a \u00eembun\u0103t\u0103\u021bi site-urile \u00een beneficiul userilor.<\/li>\n<\/ul>\n","protected":false},"excerpt":{"rendered":"<p>POLITICA COOKIES Aceast\u0103 Politic\u0103 privind modulele cookie (,,Politica cookie\u201d) descrie diferitele tipuri de cookie-uri care sunt utilizate \u00een leg\u0103tur\u0103 cu site-ul de\u021binut \u0219i controlat de ,,VaraVara Plus\u201d SRL, cu sediul \u00een mun. Chi\u0219in\u0103u, bd. Grigore Vieru nr. 22\/8, ap. 10, codul fiscal 1022600013520. CE SUNT COOKIE-URILE? Un ,,Internet Cookie\u201d \u2013 termen cunoscut \u0219i sub denumirea [&hellip;]<\/p>\n","protected":false},"author":1,"featured_media":0,"parent":0,"menu_order":0,"comment_status":"closed","ping_status":"closed","template":"pages\/page-cookies.php","meta":{"footnotes":""},"class_list":["post-542","page","type-page","status-publish","hentry"],"acf":[],"_links":{"self":[{"href":"https:\/\/varavara.md\/ro\/wp-json\/wp\/v2\/pages\/542","targetHints":{"allow":["GET"]}}],"collection":[{"href":"https:\/\/varavara.md\/ro\/wp-json\/wp\/v2\/pages"}],"about":[{"href":"https:\/\/varavara.md\/ro\/wp-json\/wp\/v2\/types\/page"}],"author":[{"embeddable":true,"href":"https:\/\/varavara.md\/ro\/wp-json\/wp\/v2\/users\/1"}],"replies":[{"embeddable":true,"href":"https:\/\/varavara.md\/ro\/wp-json\/wp\/v2\/comments?post=542"}],"version-history":[{"count":1,"href":"https:\/\/varavara.md\/ro\/wp-json\/wp\/v2\/pages\/542\/revisions"}],"predecessor-version":[{"id":549,"href":"https:\/\/varavara.md\/ro\/wp-json\/wp\/v2\/pages\/542\/revisions\/549"}],"wp:attachment":[{"href":"https:\/\/varavara.md\/ro\/wp-json\/wp\/v2\/media?parent=542"}],"curies":[{"name":"wp","href":"https:\/\/api.w.org\/{rel}","templated":true}]}}