








{"id":7696,"date":"2025-12-11T14:13:50","date_gmt":"2025-12-11T12:13:50","guid":{"rendered":"https:\/\/varavara.md\/?page_id=7696"},"modified":"2025-12-24T16:30:09","modified_gmt":"2025-12-24T14:30:09","slug":"reglament-parkovki","status":"publish","type":"page","link":"https:\/\/varavara.md\/ro\/reglament-parkovki\/","title":{"rendered":"REGULAMENT PARCARE"},"content":{"rendered":"<h2><b>REGULAMENT DE UTILIZARE \u0218I FUNC\u021aIONARE A PARC\u0102RII VARA VARA AQUACITY PARKING<\/b><\/h2>\n<p>Prezentul Regulament constituie o ofert\u0103 public\u0103, emis\u0103 de c\u0103tre compania \u201eVara Vara Club\u201d S.R.L., IDNO 1022600013542, cu sediul \u00een mun. Chi\u0219in\u0103u, sec. R\u00ee\u0219cani, bd. Grigore Vieru 22\/8, ap. (of.) 10 (denumit\u0103 \u00een continuare \u201eVara Vara Aquacity Parking\u201d), \u00een calitate de administrator fiduciar al parc\u0103rii IBIZA CLUB S.R.L., IDNO 1015600022904, cu sediul \u00een mun. Chi\u0219in\u0103u, bd. Decebal 6\/4 (denumit\u0103 \u00een continuare \u201eIBIZA CLUB\u201d), situat\u0103 \u00een str. Mihail Sadoveanu 4\/2, mun. Chi\u0219in\u0103u. Regulamentul stabile\u0219te condi\u021biile de acces \u00een parcare, regulile de utilizare a parc\u0103rii, precum \u0219i drepturile \u0219i obliga\u021biile aferente ale p\u0103r\u021bilor.<\/p>\n<p>Acceptarea ofertei publice se realizeaz\u0103 prin preluarea de c\u0103tre Utilizator a unui tichet de parcare la intrarea \u00een parcare. Aceste ac\u021biuni, \u00eenso\u021bite de deschiderea barierei \u0219i intrarea \u00een parcare, constituie acordul necondi\u021bionat al Utilizatorului cu prevederile prezentului Regulament \u0219i echivaleaz\u0103 cu \u00eencheierea unui contract de prest\u0103ri servicii Vara Vara Aquacity Parking privind parcarea vehiculelor, \u00een conformitate cu Codul civil al Republicii Moldova.<\/p>\n<p>Parcarea aferent\u0103 Vara Vara Aquacity reprezint\u0103 un bun proprietate privat\u0103 ce apar\u021bine IBIZA CLUB, cu acces public reglementat. Se aplic\u0103 legisla\u021bia Republicii Moldova privind protec\u021bia propriet\u0103\u021bii private, circula\u021bia rutier\u0103 \u0219i normele specifice parc\u0103rilor private.<\/p>\n<p>Parcarea este destinat\u0103 utiliz\u0103rii de c\u0103tre vizitatori, \u00een conformitate cu prevederile prezentului regulament. Utilizarea parc\u0103rii este permis\u0103 pe durata sta\u021bion\u0103rii efective, cu aplicarea tarifelor orare, dup\u0103 caz.<\/p>\n<p>Accesul este permis doar \u00een limita locurilor disponibile.<\/p>\n<p>Circula\u021bia \u00een incinta parc\u0103rii, precum \u0219i oprirea sau sta\u021bionarea vehiculelor, trebuie s\u0103 respecte marcajele rutiere \u0219i toate semnele sau indica\u021biile afi\u0219ate de Vara Vara Aquacity Parking. Este interzis\u0103 deplasarea \u00een sens opus semnelor sau oprirea \u00een afara zonelor marcate.<\/p>\n<p>Vara Vara Aquacity Parking \u0219i\/sau IBIZA CLUB poate restric\u021biona temporar accesul \u00een parcare, integral sau par\u021bial, din motive tehnice, administrative, de securitate, de nerespectare a prevederilor regulamentului sau \u00een cazuri de impedimente justificative \u00een utilizarea parc\u0103rii, f\u0103r\u0103 obliga\u021bia de notificare prealabil\u0103 sau ulterioar\u0103, respectiv f\u0103r\u0103 obliga\u021bii de compensare a oric\u0103rui prejudiciu suferit, direct sau indirect, \u00een consecin\u021ba imposibilit\u0103\u021bii utiliz\u0103rii parc\u0103rii de c\u0103tre Utilizator.<\/p>\n<p>Vara Vara Aquacity Parking \u0219i IBIZA CLUB nu garanteaz\u0103 disponibilitatea permanent\u0103 a locurilor de parcare, iar neasigurarea unui loc nu d\u0103 dreptul la compensa\u021bii sau desp\u0103gubiri.<\/p>\n<h2><b>TARIFE \u0218I CONDI\u021aII DE PLAT\u0102<\/b><\/h2>\n<p>Tariful de zi (10:00\u201322:00):<br \/>\nP\u00e2n\u0103 la 15 min: gratis.<br \/>\nPlat\u0103: 20 lei \/ or\u0103, calculul se face cu rotunjire la 60 de minute.<\/p>\n<p>Tariful de noapte: nu exist\u0103, acces interzis.<\/p>\n<p>Timp de gra\u021bie: 15 minute de la achitarea taxei p\u00e2n\u0103 la ie\u0219irea vehiculului de pe teritoriul parc\u0103rii.<\/p>\n<p>Este obligatorie p\u0103strarea tichetului de parcare p\u00e2n\u0103 la ie\u0219irea din parcare \u0219i scanarea acestuia la terminalul de ie\u0219ire.<\/p>\n<p>Tarifele pentru utilizarea serviciilor de parcare pot fi modificate, f\u0103r\u0103 preaviz, \u00een orice moment de c\u0103tre Vara Vara Aquacity Parking, \u00een func\u021bie de politica comercial\u0103, condi\u021biile de operare sau alte circumstan\u021be relevante. Noile tarife vor deveni valabile doar dup\u0103 ce sunt afi\u0219ate \u00eentr-un loc vizibil \u00een incinta parc\u0103rii. Este responsabilitatea utilizatorilor s\u0103 verifice tarifele curente \u00eenainte de a utiliza parcarea.<\/p>\n<p>Timpul de parcare este calculat de la eliberarea tichetului p\u00e2n\u0103 la momentul pl\u0103\u021bii taxei de parcare la terminalul de ie\u0219ire. Fiecare perioad\u0103 de timp care a fost \u00eenceput\u0103 se consider\u0103 \u00eentreag\u0103 \u0219i se factureaz\u0103 ca atare, chiar dac\u0103 perioada efectiv utilizat\u0103 poate fi mai scurt\u0103.<\/p>\n<p>Ramburs\u0103rile pentru pl\u0103\u021bi gre\u0219ite se pot solicita \u00een scris, prin transmiterea unei cereri \u00eenso\u021bite de dovada pl\u0103\u021bii, \u00een termen de maximum 15 zile calendaristice de la data efectu\u0103rii pl\u0103\u021bii. Cererea trebuie transmis\u0103 prin email la adresa info@aquacity.md sau depus\u0103 fizic la sediul Vara Vara Aquacity Parking.<\/p>\n<p>Proprietarul vehiculului este considerat responsabil pentru achitarea serviciilor de parcare, cu excep\u021bia situa\u021biei \u00een care poate dovedi, prin mijloace justificative f\u0103r\u0103 echivoc (ex. declara\u021bie, contract de comodat, proces-verbal predare-primire), c\u0103 autovehiculul a fost utilizat de o alt\u0103 persoan\u0103 \u00een momentul acces\u0103rii parc\u0103rii.<\/p>\n<h2><b>REGULI DE UTILIZARE<\/b><\/h2>\n<ul>\n<li>Viteza maxim\u0103 admis\u0103: 5 km\/h.<\/li>\n<li>Accesul \u0219i ie\u0219irea se fac pe baza tichetului.<\/li>\n<li>Tichetul este obligatoriu pentru ie\u0219irea din parcare \u0219i trebuie p\u0103strat pe toat\u0103 durata utiliz\u0103rii parc\u0103rii.<\/li>\n<li>Plata serviciului de parcare se efectueaz\u0103 \u00eenainte de p\u0103r\u0103sirea parc\u0103rii la automatul de plat\u0103 amplasat \u00een parcare. Dup\u0103 efectuarea pl\u0103\u021bii, utilizatorul trebuie s\u0103 se \u00eendrepte spre bariera de ie\u0219ire \u00een intervalul de timp permis, conform timpului de gra\u021bie. \u00cen lipsa unei pl\u0103\u021bi valabil efectuate, bariera nu va permite ie\u0219irea din parcare.<\/li>\n<li>Este interzis\u0103 ocuparea locurilor de parcare rezervate pentru persoane cu dizabilit\u0103\u021bi \u0219i pentru vehicule electrice, dac\u0103 utilizatorul nu \u00eendepline\u0219te condi\u021biile de utilizare a acestor locuri.<\/li>\n<li>Este interzis\u0103 l\u0103sarea copiilor minori nesupraveghea\u021bi \u00een vehicul, indiferent de durata opririi, precum \u0219i \u00een incinta parc\u0103rii, \u00een zonele de circula\u021bie sau \u00een apropierea barierelor, automatelor ori altor echipamente. Este interzis\u0103 l\u0103sarea animalelor \u00een vehicul, \u00een special \u00een condi\u021bii de temperaturi extreme sau f\u0103r\u0103 ventila\u021bie corespunz\u0103toare.<\/li>\n<li>Este interzis\u0103 p\u0103strarea sau abandonarea \u00een vehicul a substan\u021belor periculoase, inflamabile, toxice sau explozive, precum \u0219i a altor obiecte care pot reprezenta un risc pentru siguran\u021ba public\u0103.<\/li>\n<li>\u00cen incinta parc\u0103rii este interzis\u0103 desf\u0103\u0219urarea oric\u0103ror activit\u0103\u021bi de \u00eentre\u021binere, repara\u021bii mecanice, sp\u0103lare a vehiculelor sau alimentare cu combustibil a vehiculelor. Excep\u021bie fac doar interven\u021biile minore \u00een caz de urgen\u021b\u0103 (ex. \u00eenlocuirea unei ro\u021bi sparte).<\/li>\n<li>Parcarea este permis\u0103 exclusiv \u00een spa\u021biile marcate. Este interzis\u0103 parcarea vehiculului \u00een afara acestor marcaje, inclusiv pe trotuare, borduri, spa\u021bii verzi, \u00een fa\u021ba altor vehicule, pe mai multe locuri de parcare, \u00een intersec\u021bii interne sau \u00een zone de acces pietonal ori de interven\u021bie.<\/li>\n<li>Utilizatorii sunt obliga\u021bi s\u0103 \u00ee\u0219i securizeze bunurile personale \u00eenainte de a p\u0103r\u0103si vehiculul. Vara Vara Aquacity Parking \u0219i IBIZA CLUB nu \u00ee\u0219i asum\u0103 responsabilitatea pentru furtul, deteriorarea sau pierderea obiectelor l\u0103sate \u00een interiorul autovehiculelor, sub sau deasupra vehiculului.<\/li>\n<li>Este interzis\u0103 rezervarea sau blocarea locurilor de parcare prin orice mijloace neautorizate, cum ar fi l\u0103zi, sticle, conuri, cutii, bare metalice, lan\u021buri sau alte obiecte improvizate.<\/li>\n<li>Este interzis\u0103 desf\u0103\u0219urarea oric\u0103rei activit\u0103\u021bi comerciale (v\u00e2nzare de bunuri, prest\u0103ri de servicii, distribuire de materiale promo\u021bionale) sau amplasarea de afi\u0219e, pliante, bannere ori alte materiale publicitare \u00een incinta parc\u0103rii, f\u0103r\u0103 acordul scris prealabil al Vara Vara Aquacity Parking.<\/li>\n<\/ul>\n<h2><b>R\u0102SPUNDEREA P\u0102R\u021aILOR<\/b><\/h2>\n<p>Administratorul parc\u0103rii, Vara Vara Aquacity Parking, r\u0103spunde exclusiv pentru prejudiciile cauzate vehiculelor, bunurilor aflate \u00een acestea sau persoanelor aflate \u00een incinta parc\u0103rii, \u00een m\u0103sura \u00een care se dovede\u0219te c\u0103 acestea sunt rezultatul direct al unei ac\u021biuni sau omisiuni imputabile administratorului ori personalului aflat sub coordonarea sa.<\/p>\n<p>Vara Vara Aquacity Parking \u0219i IBIZA CLUB nu pot fi \u021binute r\u0103spunz\u0103toare pentru daune, pierderi, furturi, vandalism sau alte prejudicii produse de ter\u021bi, de factori externi, de condi\u021bii meteorologice, de for\u021b\u0103 major\u0103 ori de alte \u00eemprejur\u0103ri care nu le sunt imputabile \u00een mod direct \u0219i exclusiv.<\/p>\n<p>Utilizatorii parc\u0103rii sunt obliga\u021bi s\u0103 \u00ee\u0219i securizeze corespunz\u0103tor vehiculele \u0219i bunurile personale \u0219i s\u0103 respecte regulile interne de utilizare a parc\u0103rii prev\u0103zute \u00een prezentul regulament.<\/p>\n<p>Prin utilizarea parc\u0103rii, utilizatorul confirm\u0103 c\u0103 a luat cuno\u0219tin\u021b\u0103 \u0219i accept\u0103 \u00een \u00eentregime condi\u021biile prezentului regulament.<\/p>\n<h2><b>COMPORTAMENT \u0218I SIGURAN\u021a\u0102<\/b><\/h2>\n<ul>\n<li>Este interzis\u0103 aruncarea de\u0219eurilor \u00een alte locuri dec\u00e2t cele amenajate. Utilizatorii trebuie s\u0103 utilizeze co\u0219urile de gunoi sau punctele de colectare selectiv\u0103 existente \u00een incinta parc\u0103rii.<\/li>\n<li>Fumatul este strict interzis \u00een toate zonele acoperite ale parc\u0103rii.<\/li>\n<li>Utilizatorii nu au voie s\u0103 utilizeze sisteme audio la volum ridicat \u0219i nici s\u0103 manifeste comportamente zgomotoase, agresive sau deranjante fa\u021b\u0103 de ceilal\u021bi participan\u021bi la trafic sau pietoni.<\/li>\n<li>Pietonii sunt ruga\u021bi s\u0103 circule cu pruden\u021b\u0103 \u00een incinta parc\u0103rii \u0219i s\u0103 foloseasc\u0103 traseele dedicate, acolo unde acestea exist\u0103.<\/li>\n<li>\u00cen caz de urgen\u021b\u0103 (accidente, incendii, defec\u021biuni), utilizatorii trebuie s\u0103 urmeze imediat indica\u021biile personalului de interven\u021bie sau instruc\u021biunile automate afi\u0219ate.<\/li>\n<li>Este interzis consumul de b\u0103uturi alcoolice \u00een incinta parc\u0103rii. De asemenea, este interzis\u0103 organizarea de adun\u0103ri, petreceri sau orice alt tip de manifestare care poate deranja ordinea public\u0103.<\/li>\n<li>Murd\u0103rirea spa\u021biului sau deteriorarea dot\u0103rilor comune este interzis\u0103.<\/li>\n<\/ul>\n<h2><b>SUPRAVEGHERE VIDEO \u0218I PROTEC\u021aIA DATELOR<\/b><\/h2>\n<p>Parcarea este monitorizat\u0103 video 24\/7 printr-un sistem de supraveghere instalat \u00een scopul protej\u0103rii echipamentelor de parcare.<\/p>\n<p>Sistemul de monitorizare \u00eenregistreaz\u0103 automat accesul \u0219i ie\u0219irea vehiculelor, precum \u0219i comportamentul general al utilizatorilor \u00een incint\u0103.<\/p>\n<p>\u00cenregistr\u0103rile video sunt stocate pentru o perioad\u0103 minim\u0103 de 72 de ore \u0219i pot fi p\u0103strate mai mult \u00een cazuri justificate, cum ar fi investiga\u021bii privind incidente sau la solicitarea autorit\u0103\u021bilor competente.<\/p>\n<p>Datele colectate sunt prelucrate \u00een conformitate cu Legea nr. 133\/2011 privind protec\u021bia datelor cu caracter personal \u0219i cu alte reglement\u0103ri relevante.<\/p>\n<p>Prin utilizarea parc\u0103rii, utilizatorul \u00ee\u0219i exprim\u0103 consim\u021b\u0103m\u00e2ntul f\u0103r\u0103 echivoc pentru prelucrarea datelor cu caracter personal men\u021bionate anterior.<\/p>\n<h2><b>SANC\u021aIUNI \u0218I DISPOZI\u021aII FINALE<\/b><\/h2>\n<p>Regulamentul este afi\u0219at \u00eentr-un loc vizibil \u00een incinta parc\u0103rii \u0219i este disponibil online \u0219i\/sau prin intermediul unui cod QR.<\/p>\n<p>Orice sesizare, reclama\u021bie sau solicitare legat\u0103 de serviciile de parcare poate fi adresat\u0103 prin email la adresa info@aquacity.md. R\u0103spunsurile la sesiz\u0103ri vor fi furnizate \u00een termen de 15 zile lucr\u0103toare.<\/p>\n<p>Ne rezerv\u0103m dreptul de a restric\u021biona accesul \u00een parcare \u00een cazul \u00een care un utilizator \u00eencalc\u0103 \u00een mod repetat prezentul regulament, respectiv de cel pu\u021bin dou\u0103 ori.<\/p>\n<p>Parcarea ilegal\u0103 sau neregulamentar\u0103, inclusiv blocarea c\u0103ilor de acces, sta\u021bionarea pe locuri interzise sau utilizarea abuziv\u0103 a spa\u021biilor de parcare, poate fi sanc\u021bionat\u0103 de c\u0103tre autorit\u0103\u021bile competente, conform legisla\u021biei aplicabile.<\/p>\n<p>Orice litigiu care decurge din utilizarea parc\u0103rii, aplicarea sau interpretarea prezentului regulament va fi solu\u021bionat pe cale amiabil\u0103, iar \u00een caz de ne\u00een\u021belegere, litigiile vor fi \u00eenaintate instan\u021belor competente din municipiul Chi\u0219in\u0103u.<\/p>\n<p>Prezentul regulament poate fi revizuit periodic, iar orice modificare va intra \u00een vigoare de la data afi\u0219\u0103rii publice \u00een incinta parc\u0103rii.<\/p>\n","protected":false},"excerpt":{"rendered":"<p>REGULAMENT DE UTILIZARE \u0218I FUNC\u021aIONARE A PARC\u0102RII VARA VARA AQUACITY PARKING Prezentul Regulament constituie o ofert\u0103 public\u0103, emis\u0103 de c\u0103tre compania \u201eVara Vara Club\u201d S.R.L., IDNO 1022600013542, cu sediul \u00een mun. Chi\u0219in\u0103u, sec. R\u00ee\u0219cani, bd. Grigore Vieru 22\/8, ap. (of.) 10 (denumit\u0103 \u00een continuare \u201eVara Vara Aquacity Parking\u201d), \u00een calitate de administrator fiduciar al parc\u0103rii [&hellip;]<\/p>\n","protected":false},"author":2,"featured_media":0,"parent":0,"menu_order":0,"comment_status":"closed","ping_status":"closed","template":"pages\/page-cookies.php","meta":{"footnotes":""},"class_list":["post-7696","page","type-page","status-publish","hentry"],"acf":[],"_links":{"self":[{"href":"https:\/\/varavara.md\/ro\/wp-json\/wp\/v2\/pages\/7696","targetHints":{"allow":["GET"]}}],"collection":[{"href":"https:\/\/varavara.md\/ro\/wp-json\/wp\/v2\/pages"}],"about":[{"href":"https:\/\/varavara.md\/ro\/wp-json\/wp\/v2\/types\/page"}],"author":[{"embeddable":true,"href":"https:\/\/varavara.md\/ro\/wp-json\/wp\/v2\/users\/2"}],"replies":[{"embeddable":true,"href":"https:\/\/varavara.md\/ro\/wp-json\/wp\/v2\/comments?post=7696"}],"version-history":[{"count":6,"href":"https:\/\/varavara.md\/ro\/wp-json\/wp\/v2\/pages\/7696\/revisions"}],"predecessor-version":[{"id":7763,"href":"https:\/\/varavara.md\/ro\/wp-json\/wp\/v2\/pages\/7696\/revisions\/7763"}],"wp:attachment":[{"href":"https:\/\/varavara.md\/ro\/wp-json\/wp\/v2\/media?parent=7696"}],"curies":[{"name":"wp","href":"https:\/\/api.w.org\/{rel}","templated":true}]}}