{"id":669,"date":"2024-05-28T13:25:31","date_gmt":"2024-05-28T10:25:31","guid":{"rendered":"https:\/\/varavara.md\/product\/copii-pana-la-90-cm\/"},"modified":"2026-04-29T12:05:22","modified_gmt":"2026-04-29T09:05:22","slug":"copii-pana-la-90-cm","status":"publish","type":"product","link":"https:\/\/varavara.md\/ro\/produs\/copii-pana-la-90-cm\/","title":{"rendered":"Copii p\u00e2n\u0103 la 90 cm"},"content":{"rendered":"<p>Pentru copiii cu \u00een\u0103l\u021bimea de p\u00e2n\u0103 la 90 cm intrarea este gratuit\u0103.<\/p>\n","protected":false},"excerpt":{"rendered":"<p>Pentru copiii cu \u00een\u0103l\u021bimea de p\u00e2n\u0103 la 90 cm intrarea este gratuit\u0103.<\/p>\n","protected":false},"featured_media":0,"comment_status":"open","ping_status":"closed","template":"","meta":[],"product_cat":[48],"product_tag":[],"class_list":{"0":"post-669","1":"product","2":"type-product","3":"status-publish","5":"product_cat-tickete","7":"first","8":"instock","9":"virtual","10":"purchasable","11":"product-type-simple"},"acf":[],"_links":{"self":[{"href":"https:\/\/varavara.md\/ro\/wp-json\/wp\/v2\/product\/669","targetHints":{"allow":["GET"]}}],"collection":[{"href":"https:\/\/varavara.md\/ro\/wp-json\/wp\/v2\/product"}],"about":[{"href":"https:\/\/varavara.md\/ro\/wp-json\/wp\/v2\/types\/product"}],"replies":[{"embeddable":true,"href":"https:\/\/varavara.md\/ro\/wp-json\/wp\/v2\/comments?post=669"}],"wp:attachment":[{"href":"https:\/\/varavara.md\/ro\/wp-json\/wp\/v2\/media?parent=669"}],"wp:term":[{"taxonomy":"product_cat","embeddable":true,"href":"https:\/\/varavara.md\/ro\/wp-json\/wp\/v2\/product_cat?post=669"},{"taxonomy":"product_tag","embeddable":true,"href":"https:\/\/varavara.md\/ro\/wp-json\/wp\/v2\/product_tag?post=669"}],"curies":[{"name":"wp","href":"https:\/\/api.w.org\/{rel}","templated":true}]}}